{"id":35,"date":"2023-09-25T09:39:47","date_gmt":"2023-09-25T07:39:47","guid":{"rendered":"https:\/\/flexmix.nl\/home\/"},"modified":"2024-01-11T16:18:38","modified_gmt":"2024-01-11T15:18:38","slug":"home","status":"publish","type":"page","link":"https:\/\/flexmix.nl\/de\/","title":{"rendered":"\u00dcber uns"},"content":{"rendered":"<div class=\"wpb-content-wrapper\"><p>[vc_row full_width=&#8220;stretch_row&#8220; content_placement=&#8220;middle&#8220; css=&#8220;.vc_custom_1700756913077{padding-top: 50px !important;padding-bottom: 0px !important;}&#8220;][vc_column width=&#8220;7\/12&#8243;]\r\n        <div class=\"sd-block-title \">\r\n            <h1 class=\"sd-block-title-htag  marginbottom-30px align-left color-black\r\n            \">\u00dcber uns<\/h1>\r\n        <\/div>\r\n        <div class=\"sd-block-text  marginbottom-30px\r\n        \">\r\n            <p>FlexMix International Recruitment hebt sich als f\u00fchrende Personalvermittlungsagentur im Gesundheitswesen in den Niederlanden hervor und bringt mehr als zwei Jahrzehnte Erfahrung in nationaler und internationaler Rekrutierung und Auswahl mit. Unser Fokus erstreckt sich \u00fcber ein vielf\u00e4ltiges Spektrum medizinischer Fachkr\u00e4fte, darunter \u00c4rzte, Pflegefachpersonal, Mitarbeiter im Gesundheitswesen und F\u00fchrungskr\u00e4fte, um den Personalbedarf von Krankenh\u00e4usern und verschiedenen Gesundheitseinrichtungen zu decken.<\/p>\n\r\n        <\/div>[\/vc_column][vc_column width=&#8220;1\/12&#8243;][\/vc_column][vc_column width=&#8220;4\/12&#8243;]\r\n        <div class=\"sd-block-image  align-right marginbottom-0px\r\n        \"><img decoding=\"async\" title=\"\" alt=\"\" src=\"https:\/\/flexmix.nl\/wp-content\/uploads\/2023\/10\/FlexMix-Homepage-1.png\">\r\n        <\/div>[\/vc_column][\/vc_row][vc_row full_width=&#8220;stretch_row&#8220; content_placement=&#8220;middle&#8220; bg_color=&#8220;light-gray&#8220; row_pattern_left=&#8220;enable&#8220; row_pattern=&#8220;&#8220;][vc_column][vc_row_inner][vc_column_inner width=&#8220;1\/2&#8243;]\r\n        <div class=\"sd-block-title \">\r\n            <h2 class=\"sd-block-title-htag  marginbottom-30px align-left color-black\r\n            \">Was wir f\u00fcr Ihre Organisation tun<\/h2>\r\n        <\/div>\r\n        <div class=\"sd-block-text  marginbottom-30px\r\n        \">\r\n            <p>FlexMix International Recruitment ist ein renommierter Personalvermittlungsdienst f\u00fcr das Gesundheitswesen in den Niederlanden und verf\u00fcgt \u00fcber mehr als zwei Jahrzehnte Erfahrung in der Auswahl und Vermittlung von Fachkr\u00e4ften sowohl im In- als auch im Ausland. Unser T\u00e4tigkeitsfeld erstreckt sich \u00fcber eine breite Palette von medizinischen Fachkr\u00e4ften, darunter \u00c4rzte, Krankenpfleger, Pflegepersonal und F\u00fchrungskr\u00e4fte f\u00fcr Spit\u00e4ler und andere Gesundheitseinrichtungen.<\/p>\n<p>Es erf\u00fcllt uns mit Stolz und Dankbarkeit, dass unsere Kunden unsere Dienstleistungen sch\u00e4tzen und wir bereits seit einiger Zeit erfolgreich in der Schweiz t\u00e4tig sind. Durch unsere Partnerschaften vor Ort ist FlexMix in der Lage, Gesch\u00e4fte gem\u00e4\u00df den geltenden schweizerischen Gesetzen und Vorschriften abzuwickeln. Wir verf\u00fcgen \u00fcber s\u00e4mtliche notwendigen Genehmigungen f\u00fcr Arbeitsvermittlung und Personalleasing.<\/p>\n<p>F\u00fcr weitere Informationen stehen wir Ihnen gerne zur Verf\u00fcgung. Z\u00f6gern Sie nicht, uns zu kontaktieren \u2013 wir beantworten Ihre Fragen gerne.<\/p>\n\r\n        <\/div>[\/vc_column_inner][vc_column_inner width=&#8220;1\/2&#8243;]\r\n        <div class=\"sd-block-title \">\r\n            <h2 class=\"sd-block-title-htag  marginbottom-30px align-left color-black\r\n            \">Informationen f\u00fcr Kandidaten<\/h2>\r\n        <\/div>\r\n        <div class=\"sd-block-text  marginbottom-30px\r\n        \">\r\n            <p>Internationale Rekrutierung beinhaltet weit mehr als nur die Sicherung eines Arbeitsplatzes im Ausland. Sie umfasst umfassende Betreuung, akribische Detailgenauigkeit sowie ein umfangreiches Wissen und Fachkenntnisse. Der Umzug in ein neues Land bietet bedeutende Chancen f\u00fcr pers\u00f6nliche und berufliche Entwicklung. Allerdings kann die Aussicht auf einen neuen Job, ein anderes Land, einen ver\u00e4nderten Lebensstil und den Aufbau neuer Kontakte ohne angemessenes Management \u00fcberw\u00e4ltigend sein. Hier kommt unsere Expertise ins Spiel.<\/p>\n<p>Wir haben uns darauf spezialisiert, die notwendige Unterst\u00fctzung zu bieten, um ein reibungsloses Umzugserlebnis zu gew\u00e4hrleisten. Unser Ziel ist es, sicherzustellen, dass Sie sich bei Ihrer Ankunft entspannt f\u00fchlen und gut auf die Herausforderungen und Chancen vorbereitet sind, die Ihr neues Leben mit sich bringt.<\/p>\n<p>Wenn Sie bereit f\u00fcr eine Ver\u00e4nderung sind, nach neuen Erfahrungen suchen oder einen anderen Job im Gesundheitswesen anstreben, z\u00f6gern Sie nicht, uns zu kontaktieren. Lassen Sie sich von uns dorthin f\u00fchren, wo Sie sein m\u00f6chten!<\/p>\n\r\n        <\/div>[\/vc_column_inner][\/vc_row_inner][vc_row_inner][vc_column_inner width=&#8220;1\/2&#8243;]\r\n        <div class=\"sd-block-title \">\r\n            <h2 class=\"sd-block-title-htag  marginbottom-30px align-left color-black\r\n            \">Warum mit Flexmix zusammenarbeiten?<\/h2>\r\n        <\/div>\r\n        <div class=\"sd-block-text  marginbottom-30px\r\n        \">\r\n            <ul>\n<li>\u00dcber zwei Jahrzehnte Erfahrung in der internationalen Personalvermittlungsbranche<\/li>\n<li>Nachweisbare Erfolge in der Rekrutierung<\/li>\n<li>Ein ausgezeichneter Ruf f\u00fcr den Kundenservice und die Betreuung von Kandidaten<\/li>\n<li>Ein Engagement, Versprechen zuverl\u00e4ssig einzul\u00f6sen<\/li>\n<li>Die Gewissheit unserer erfahrenen Personalvermittler, dass Kunden erstklassige Kandidaten erwarten k\u00f6nnen<br \/>\nUmfassende Kenntnisse der Gesundheitsbranche<\/li>\n<li>Eine hoch-entwickelte, computergest\u00fctzte Datenbank, die die Datens\u00e4tze hochqualifizierter Kandidaten nahtlos verwaltet<\/li>\n<li>Wir verf\u00fcgen \u00fcber die obligatorischen Genehmigungen f\u00fcr Arbeitsvermittlung und Personalleasing<\/li>\n<\/ul>\n\r\n        <\/div>[\/vc_column_inner][vc_column_inner width=&#8220;1\/2&#8243;]\r\n        <div class=\"sd-block-title \">\r\n            <h2 class=\"sd-block-title-htag  marginbottom-30px align-left color-black\r\n            \">Auf der Suche nach einem Job in den Niederlanden?<\/h2>\r\n        <\/div>\r\n        <div class=\"sd-block-text  marginbottom-30px\r\n        \">\r\n            <p>Dies ist unsere Heimat, das Land des K\u00e4ses, der Windm\u00fchlen und Tulpen, aber vor allem bekannt f\u00fcr die niederl\u00e4ndische Gastfreundschaft. Eine berufliche Laufbahn im niederl\u00e4ndischen Gesundheitswesen k\u00f6nnte eine der besten Entscheidungen sein, die Sie jemals treffen werden. Durch FlexMix k\u00f6nnen wir Sie in Positionen platzieren, die wettbewerbsf\u00e4hige Geh\u00e4lter und Sozialleistungen mit exzellenter Ausbildung kombinieren. Wir schaffen ein erf\u00fcllendes Arbeitsumfeld, in dem Ihr Beitrag zum niederl\u00e4ndischen Gesundheitswesen wirklich gesch\u00e4tzt wird.<\/p>\n<p>Zurzeit suchen wir aktiv nach Fachleuten f\u00fcr den Operationsbereich in verschiedenen Spit\u00e4ler in den Niederlanden. Wenn Sie eine\u00a0 <strong>Dipl.<\/strong> <strong>OP-Pflegefachkraft<\/strong>, <strong>(TOA\/OTA)<\/strong> sind, z\u00f6gern Sie bitte nicht, sich mit uns in Verbindung zu setzen.<\/p>\n\r\n        <\/div>[\/vc_column_inner][\/vc_row_inner][\/vc_column][\/vc_row][vc_row content_placement=&#8220;middle&#8220; el_id=&#8220;contact&#8220;][vc_column width=&#8220;6\/12&#8243;]\n<div class=\"wpcf7 no-js\" id=\"wpcf7-f635-o1\" lang=\"de-DE\" dir=\"ltr\" data-wpcf7-id=\"635\">\n<div class=\"screen-reader-response\"><p role=\"status\" aria-live=\"polite\" aria-atomic=\"true\"><\/p> <ul><\/ul><\/div>\n<form action=\"\/de\/wp-json\/wp\/v2\/pages\/35#wpcf7-f635-o1\" method=\"post\" class=\"wpcf7-form init\" aria-label=\"Kontaktformular\" novalidate=\"novalidate\" data-status=\"init\" data-form-name=\"Contactformulier\">\n<fieldset class=\"hidden-fields-container\"><input type=\"hidden\" name=\"_wpcf7\" value=\"635\" \/><input type=\"hidden\" name=\"_wpcf7_version\" value=\"6.1.4\" \/><input type=\"hidden\" name=\"_wpcf7_locale\" value=\"de_DE\" \/><input type=\"hidden\" name=\"_wpcf7_unit_tag\" value=\"wpcf7-f635-o1\" \/><input type=\"hidden\" name=\"_wpcf7_container_post\" value=\"0\" \/><input type=\"hidden\" name=\"_wpcf7_posted_data_hash\" value=\"\" \/>\n<\/fieldset>\n\r\n        <div class=\"SD-col SD-col-60 sd-hidden-form-protection\">\r\n            <label for=\"apply_form_email_address_2_value\" class=\"SD-label \">Confirm email address<\/label>\r\n            <input type=\"text\" name=\"email_address_2_value\" id=\"apply_form_email_address_2_value\" class=\"SD-input  email_address_2_value\" placeholder=\"\" value=\"\" style=\"display: none;\">\r\n        <\/div>\r\n        \r\n        <div class=\"SD-col SD-col-60 sd-hidden-form-protection\">\r\n            <label for=\"apply_form_additional_comments_value\" class=\"SD-label \">Additional comments<\/label>\r\n            <textarea name=\"additional_comments_value\" id=\"apply_form_additional_comments_value\" class=\"SD-input  additional_comments_value\" style=\"display: none;\" placeholder=\"\">Please fill in your additional comments<\/textarea>\r\n        <\/div>\r\n    \r\n        <div class=\"SD-col SD-col-60 sd-hidden-form-protection\">\r\n            <label for=\"apply_form_city_home_value\" class=\"SD-label \">City<\/label>\r\n            <input type=\"hidden\" name=\"city_home_value\" id=\"apply_form_city_home_value\" class=\"SD-input  city_home_value\" placeholder=\"\" value=\"\">\r\n        <\/div>\r\n    \r\n        <div class=\"SD-col SD-col-60 sd-hidden-form-protection\">\r\n            <label for=\"apply_form_more_additional_comments_value\" class=\"SD-label \">More additional comments<\/label>\r\n            <input type=\"hidden\" name=\"more_additional_comments_value\" id=\"apply_form_more_additional_comments_value\" class=\"SD-input  more_additional_comments_value\" placeholder=\"\" value=\"Please fill in your additional comments\">\r\n        <\/div><div class=\"sd-form\">\n\t<div class=\"input input-col-120 text-container\">\n\t\t<div class=\"sd-block-title\">\n\t\t\t<h2 class=\"sd-block-title-htag  marginbottom-0px align-left color-black\">Kontaktformular\n\t\t\t<\/h2>\n\t\t<\/div>\n\t\t<p>* ben\u00f6tigte felder\n\t\t<\/p>\n\t<\/div>\n\t<div class=\"input input-col-120\">\n\t\t<div class=\"sd-block-text  marginbottom-0px\">\n\t\t\t<p>F\u00fcllen Sie das Kontaktformular aus und wir werden uns so schnell wie m\u00f6glich mit Ihnen in Verbindung setzen.\n\t\t\t<\/p>\n\t\t<\/div>\n\t<\/div>\n\t<div class=\"input input-col-60\">\n\t\t<p><span class=\"wpcf7-form-control-wrap\" data-name=\"firstName\"><input size=\"40\" maxlength=\"400\" class=\"wpcf7-form-control wpcf7-text wpcf7-validates-as-required\" aria-required=\"true\" aria-invalid=\"false\" placeholder=\"Vorname *\" value=\"\" type=\"text\" name=\"firstName\" \/><\/span>\n\t\t<\/p>\n\t<\/div>\n\t<div class=\"input input-col-60\">\n\t\t<p><span class=\"wpcf7-form-control-wrap\" data-name=\"lastName\"><input size=\"40\" maxlength=\"400\" class=\"wpcf7-form-control wpcf7-text wpcf7-validates-as-required\" aria-required=\"true\" aria-invalid=\"false\" placeholder=\"Nachname *\" value=\"\" type=\"text\" name=\"lastName\" \/><\/span>\n\t\t<\/p>\n\t<\/div>\n\t<div class=\"input input-col-60\">\n\t\t<p><span class=\"wpcf7-form-control-wrap\" data-name=\"email\"><input size=\"40\" maxlength=\"400\" class=\"wpcf7-form-control wpcf7-email wpcf7-validates-as-required wpcf7-text wpcf7-validates-as-email\" aria-required=\"true\" aria-invalid=\"false\" placeholder=\"E-Mail-Adresse *\" value=\"\" type=\"email\" name=\"email\" \/><\/span>\n\t\t<\/p>\n\t<\/div>\n\t<div class=\"input input-col-60\">\n\t\t<p><span class=\"wpcf7-form-control-wrap\" data-name=\"tel\"><input size=\"40\" maxlength=\"400\" class=\"wpcf7-form-control wpcf7-tel wpcf7-text wpcf7-validates-as-tel\" aria-invalid=\"false\" placeholder=\"Telefonnummer\" value=\"\" type=\"tel\" name=\"tel\" \/><\/span>\n\t\t<\/p>\n\t<\/div>\n\t<div class=\"input input-col-120\">\n\t\t<p><span class=\"wpcf7-form-control-wrap\" data-name=\"comment\"><textarea cols=\"40\" rows=\"3\" maxlength=\"2000\" class=\"wpcf7-form-control wpcf7-textarea wpcf7-validates-as-required\" aria-required=\"true\" aria-invalid=\"false\" placeholder=\"Weitere Informationen, zu denen Sie kontaktiert werden m\u00f6chten *\" name=\"comment\"><\/textarea><\/span>\n\t\t<\/p>\n\t<\/div>\n\t<div class=\"input-col-120\">\n\t\t<p><span class=\"wpcf7-form-control-wrap\" data-name=\"checkbox-922\"><span class=\"wpcf7-form-control wpcf7-checkbox wpcf7-validates-as-required\"><span class=\"wpcf7-list-item first last\"><label><input type=\"checkbox\" name=\"checkbox-922[]\" value=\"Ja, ich stimme dem zu\" \/><span class=\"wpcf7-list-item-label\">Ja, ich stimme dem zu<\/span><\/label><\/span><\/span><\/span><span class=\"privacy-acceptance-link\"><a href=\"\/de\/datenschutzerklaerung\/\" target=\"_blank\"> datenschutzbedingungen<\/a><\/span><span class=\"mandatory_icon\"> *<\/span>\n\t\t<\/p>\n\t<\/div>\n\t<div class=\"input-col-120\">\n\t\t<p><button class=\"has-spinner\"><svg width=\"15px\" height=\"15px\" xmlns=\"http:\/\/www.w3.org\/2000\/svg\" viewBox=\"0 0 17.06 34.11\"><path fill=\"currentColor\" d=\"m6.91,17.06c0-5.61,4.54-10.15,10.15-10.15V0C7.65,0,0,7.65,0,17.06s7.65,17.06,17.06,17.06v-6.91c-5.61,0-10.15-4.54-10.15-10.15\"><\/path><\/svg>Nachricht senden<\/button>\n\t\t<\/p>\n\t<\/div>\n<\/div><div class=\"wpcf7-response-output\" aria-hidden=\"true\"><\/div>\n<\/form>\n<\/div>\n[\/vc_column][vc_column width=&#8220;1\/12&#8243;][\/vc_column][vc_column width=&#8220;5\/12&#8243;]\r\n        <div class=\"sd-block-title \">\r\n            <h2 class=\"sd-block-title-htag  marginbottom-30px align-left color-black\r\n            \">Fragen? Kontaktiere uns<\/h2>\r\n        <\/div>\r\n        <div class=\"sd-block-text  marginbottom-30px\r\n        \">\r\n            <p>Falls Sie Fragen zu unseren Dienstleistungen haben, an Stellenangeboten in unserem Unternehmen interessiert sind oder weitere Informationen suchen, stehen wir Ihnen gerne zur Verf\u00fcgung. Wir setzen uns daf\u00fcr ein, unseren Kunden und Kandidaten den bestm\u00f6glichen Service zu bieten. Z\u00f6gern Sie nicht, uns bei Fragen zu kontaktieren. Wir freuen uns darauf, von Ihnen zu h\u00f6ren.<\/p>\n\r\n        <\/div>[\/vc_column][\/vc_row]<\/p>\n<\/div>","protected":false},"excerpt":{"rendered":"<p>[vc_row full_width=&#8220;stretch_row&#8220; content_placement=&#8220;middle&#8220; css=&#8220;.vc_custom_1700756913077{padding-top: 50px !important;padding-bottom: 0px !important;}&#8220;][vc_column width=&#8220;7\/12&#8243;][\/vc_column][vc_column width=&#8220;1\/12&#8243;][\/vc_column][vc_column width=&#8220;4\/12&#8243;][\/vc_column][\/vc_row][vc_row full_width=&#8220;stretch_row&#8220; content_placement=&#8220;middle&#8220; bg_color=&#8220;light-gray&#8220; row_pattern_left=&#8220;enable&#8220; row_pattern=&#8220;&#8220;][vc_column][vc_row_inner][vc_column_inner width=&#8220;1\/2&#8243;][\/vc_column_inner][vc_column_inner width=&#8220;1\/2&#8243;][\/vc_column_inner][\/vc_row_inner][vc_row_inner][vc_column_inner width=&#8220;1\/2&#8243;][\/vc_column_inner][vc_column_inner width=&#8220;1\/2&#8243;][\/vc_column_inner][\/vc_row_inner][\/vc_column][\/vc_row][vc_row content_placement=&#8220;middle&#8220; el_id=&#8220;contact&#8220;][vc_column width=&#8220;6\/12&#8243;][\/vc_column][vc_column width=&#8220;1\/12&#8243;][\/vc_column][vc_column width=&#8220;5\/12&#8243;][\/vc_column][\/vc_row]<\/p>\n","protected":false},"author":1,"featured_media":0,"parent":0,"menu_order":0,"comment_status":"closed","ping_status":"open","template":"","meta":{"_acf_changed":false,"footnotes":""},"class_list":["post-35","page","type-page","status-publish","hentry"],"acf":[],"yoast_head":"<!-- This site is optimized with the Yoast SEO plugin v26.8 - https:\/\/yoast.com\/product\/yoast-seo-wordpress\/ -->\n<title>\u00dcber uns | FlexMix<\/title>\n<meta name=\"robots\" content=\"index, follow, max-snippet:-1, max-image-preview:large, max-video-preview:-1\" \/>\n<link rel=\"canonical\" href=\"https:\/\/flexmix.nl\/de\/\" \/>\n<meta property=\"og:locale\" content=\"de_DE\" \/>\n<meta property=\"og:type\" content=\"article\" \/>\n<meta property=\"og:title\" content=\"\u00dcber uns | FlexMix\" \/>\n<meta property=\"og:description\" content=\"[vc_row full_width=&#8220;stretch_row&#8220; content_placement=&#8220;middle&#8220; css=&#8220;.vc_custom_1700756913077{padding-top: 50px !important;padding-bottom: 0px !important;}&#8220;][vc_column width=&#8220;7\/12&#8243;][\/vc_column][vc_column width=&#8220;1\/12&#8243;][\/vc_column][vc_column width=&#8220;4\/12&#8243;][\/vc_column][\/vc_row][vc_row full_width=&#8220;stretch_row&#8220; content_placement=&#8220;middle&#8220; bg_color=&#8220;light-gray&#8220; row_pattern_left=&#8220;enable&#8220; row_pattern=&#8220;&#8220;][vc_column][vc_row_inner][vc_column_inner width=&#8220;1\/2&#8243;][\/vc_column_inner][vc_column_inner width=&#8220;1\/2&#8243;][\/vc_column_inner][\/vc_row_inner][vc_row_inner][vc_column_inner width=&#8220;1\/2&#8243;][\/vc_column_inner][vc_column_inner width=&#8220;1\/2&#8243;][\/vc_column_inner][\/vc_row_inner][\/vc_column][\/vc_row][vc_row content_placement=&#8220;middle&#8220; el_id=&#8220;contact&#8220;][vc_column width=&#8220;6\/12&#8243;][\/vc_column][vc_column width=&#8220;1\/12&#8243;][\/vc_column][vc_column width=&#8220;5\/12&#8243;][\/vc_column][\/vc_row]\" \/>\n<meta property=\"og:url\" content=\"https:\/\/flexmix.nl\/de\/\" \/>\n<meta property=\"og:site_name\" content=\"FlexMix\" \/>\n<meta property=\"article:publisher\" content=\"https:\/\/www.facebook.com\/flexmixbv\/\" \/>\n<meta property=\"article:modified_time\" content=\"2024-01-11T15:18:38+00:00\" \/>\n<meta property=\"og:image\" content=\"https:\/\/flexmix.nl\/wp-content\/uploads\/2024\/01\/FlexMix-Google-For-Jobs.jpg\" \/>\n\t<meta property=\"og:image:width\" content=\"500\" \/>\n\t<meta property=\"og:image:height\" content=\"500\" \/>\n\t<meta property=\"og:image:type\" content=\"image\/jpeg\" \/>\n<meta name=\"twitter:card\" content=\"summary_large_image\" \/>\n<meta name=\"twitter:site\" content=\"@flexmixbv\" \/>\n<meta name=\"twitter:label1\" content=\"Gesch\u00e4tzte Lesezeit\" \/>\n\t<meta name=\"twitter:data1\" content=\"4\u00a0Minuten\" \/>\n<script type=\"application\/ld+json\" class=\"yoast-schema-graph\">{\"@context\":\"https:\/\/schema.org\",\"@graph\":[{\"@type\":\"WebPage\",\"@id\":\"https:\/\/flexmix.nl\/de\/\",\"url\":\"https:\/\/flexmix.nl\/de\/\",\"name\":\"\u00dcber uns | FlexMix\",\"isPartOf\":{\"@id\":\"https:\/\/flexmix.nl\/de\/#website\"},\"datePublished\":\"2023-09-25T07:39:47+00:00\",\"dateModified\":\"2024-01-11T15:18:38+00:00\",\"breadcrumb\":{\"@id\":\"https:\/\/flexmix.nl\/de\/#breadcrumb\"},\"inLanguage\":\"de\",\"potentialAction\":[{\"@type\":\"ReadAction\",\"target\":[\"https:\/\/flexmix.nl\/de\/\"]}]},{\"@type\":\"BreadcrumbList\",\"@id\":\"https:\/\/flexmix.nl\/de\/#breadcrumb\",\"itemListElement\":[{\"@type\":\"ListItem\",\"position\":1,\"name\":\"Home\",\"item\":\"https:\/\/flexmix.nl\/de\/\"},{\"@type\":\"ListItem\",\"position\":2,\"name\":\"\u00dcber uns\"}]},{\"@type\":\"WebSite\",\"@id\":\"https:\/\/flexmix.nl\/de\/#website\",\"url\":\"https:\/\/flexmix.nl\/de\/\",\"name\":\"FlexMix\",\"description\":\"De beste baan in de zorg, overal en altijd!\",\"publisher\":{\"@id\":\"https:\/\/flexmix.nl\/de\/#organization\"},\"inLanguage\":\"de\"},{\"@type\":\"Organization\",\"@id\":\"https:\/\/flexmix.nl\/de\/#organization\",\"name\":\"FlexMix\",\"alternateName\":\"FlexMix\",\"url\":\"https:\/\/flexmix.nl\/de\/\",\"logo\":{\"@type\":\"ImageObject\",\"inLanguage\":\"de\",\"@id\":\"https:\/\/flexmix.nl\/de\/#\/schema\/logo\/image\/\",\"url\":\"https:\/\/flexmix.nl\/wp-content\/uploads\/2024\/01\/FlexMixLogoYoastSEO.jpg\",\"contentUrl\":\"https:\/\/flexmix.nl\/wp-content\/uploads\/2024\/01\/FlexMixLogoYoastSEO.jpg\",\"width\":696,\"height\":696,\"caption\":\"FlexMix\"},\"image\":{\"@id\":\"https:\/\/flexmix.nl\/de\/#\/schema\/logo\/image\/\"},\"sameAs\":[\"https:\/\/www.facebook.com\/flexmixbv\/\",\"https:\/\/x.com\/flexmixbv\",\"https:\/\/www.instagram.com\/flexmix.nl\/\",\"https:\/\/www.linkedin.com\/company\/flexmix-bv?trk=top_nav_home\"]}]}<\/script>\n<!-- \/ Yoast SEO plugin. -->","yoast_head_json":{"title":"\u00dcber uns | FlexMix","robots":{"index":"index","follow":"follow","max-snippet":"max-snippet:-1","max-image-preview":"max-image-preview:large","max-video-preview":"max-video-preview:-1"},"canonical":"https:\/\/flexmix.nl\/de\/","og_locale":"de_DE","og_type":"article","og_title":"\u00dcber uns | FlexMix","og_description":"[vc_row full_width=&#8220;stretch_row&#8220; content_placement=&#8220;middle&#8220; css=&#8220;.vc_custom_1700756913077{padding-top: 50px !important;padding-bottom: 0px !important;}&#8220;][vc_column width=&#8220;7\/12&#8243;][\/vc_column][vc_column width=&#8220;1\/12&#8243;][\/vc_column][vc_column width=&#8220;4\/12&#8243;][\/vc_column][\/vc_row][vc_row full_width=&#8220;stretch_row&#8220; content_placement=&#8220;middle&#8220; bg_color=&#8220;light-gray&#8220; row_pattern_left=&#8220;enable&#8220; row_pattern=&#8220;&#8220;][vc_column][vc_row_inner][vc_column_inner width=&#8220;1\/2&#8243;][\/vc_column_inner][vc_column_inner width=&#8220;1\/2&#8243;][\/vc_column_inner][\/vc_row_inner][vc_row_inner][vc_column_inner width=&#8220;1\/2&#8243;][\/vc_column_inner][vc_column_inner width=&#8220;1\/2&#8243;][\/vc_column_inner][\/vc_row_inner][\/vc_column][\/vc_row][vc_row content_placement=&#8220;middle&#8220; el_id=&#8220;contact&#8220;][vc_column width=&#8220;6\/12&#8243;][\/vc_column][vc_column width=&#8220;1\/12&#8243;][\/vc_column][vc_column width=&#8220;5\/12&#8243;][\/vc_column][\/vc_row]","og_url":"https:\/\/flexmix.nl\/de\/","og_site_name":"FlexMix","article_publisher":"https:\/\/www.facebook.com\/flexmixbv\/","article_modified_time":"2024-01-11T15:18:38+00:00","og_image":[{"width":500,"height":500,"url":"https:\/\/flexmix.nl\/wp-content\/uploads\/2024\/01\/FlexMix-Google-For-Jobs.jpg","type":"image\/jpeg"}],"twitter_card":"summary_large_image","twitter_site":"@flexmixbv","twitter_misc":{"Gesch\u00e4tzte Lesezeit":"4\u00a0Minuten"},"schema":{"@context":"https:\/\/schema.org","@graph":[{"@type":"WebPage","@id":"https:\/\/flexmix.nl\/de\/","url":"https:\/\/flexmix.nl\/de\/","name":"\u00dcber uns | FlexMix","isPartOf":{"@id":"https:\/\/flexmix.nl\/de\/#website"},"datePublished":"2023-09-25T07:39:47+00:00","dateModified":"2024-01-11T15:18:38+00:00","breadcrumb":{"@id":"https:\/\/flexmix.nl\/de\/#breadcrumb"},"inLanguage":"de","potentialAction":[{"@type":"ReadAction","target":["https:\/\/flexmix.nl\/de\/"]}]},{"@type":"BreadcrumbList","@id":"https:\/\/flexmix.nl\/de\/#breadcrumb","itemListElement":[{"@type":"ListItem","position":1,"name":"Home","item":"https:\/\/flexmix.nl\/de\/"},{"@type":"ListItem","position":2,"name":"\u00dcber uns"}]},{"@type":"WebSite","@id":"https:\/\/flexmix.nl\/de\/#website","url":"https:\/\/flexmix.nl\/de\/","name":"FlexMix","description":"De beste baan in de zorg, overal en altijd!","publisher":{"@id":"https:\/\/flexmix.nl\/de\/#organization"},"inLanguage":"de"},{"@type":"Organization","@id":"https:\/\/flexmix.nl\/de\/#organization","name":"FlexMix","alternateName":"FlexMix","url":"https:\/\/flexmix.nl\/de\/","logo":{"@type":"ImageObject","inLanguage":"de","@id":"https:\/\/flexmix.nl\/de\/#\/schema\/logo\/image\/","url":"https:\/\/flexmix.nl\/wp-content\/uploads\/2024\/01\/FlexMixLogoYoastSEO.jpg","contentUrl":"https:\/\/flexmix.nl\/wp-content\/uploads\/2024\/01\/FlexMixLogoYoastSEO.jpg","width":696,"height":696,"caption":"FlexMix"},"image":{"@id":"https:\/\/flexmix.nl\/de\/#\/schema\/logo\/image\/"},"sameAs":["https:\/\/www.facebook.com\/flexmixbv\/","https:\/\/x.com\/flexmixbv","https:\/\/www.instagram.com\/flexmix.nl\/","https:\/\/www.linkedin.com\/company\/flexmix-bv?trk=top_nav_home"]}]}},"_links":{"self":[{"href":"https:\/\/flexmix.nl\/de\/wp-json\/wp\/v2\/pages\/35","targetHints":{"allow":["GET"]}}],"collection":[{"href":"https:\/\/flexmix.nl\/de\/wp-json\/wp\/v2\/pages"}],"about":[{"href":"https:\/\/flexmix.nl\/de\/wp-json\/wp\/v2\/types\/page"}],"author":[{"embeddable":true,"href":"https:\/\/flexmix.nl\/de\/wp-json\/wp\/v2\/users\/1"}],"replies":[{"embeddable":true,"href":"https:\/\/flexmix.nl\/de\/wp-json\/wp\/v2\/comments?post=35"}],"version-history":[{"count":15,"href":"https:\/\/flexmix.nl\/de\/wp-json\/wp\/v2\/pages\/35\/revisions"}],"predecessor-version":[{"id":700,"href":"https:\/\/flexmix.nl\/de\/wp-json\/wp\/v2\/pages\/35\/revisions\/700"}],"wp:attachment":[{"href":"https:\/\/flexmix.nl\/de\/wp-json\/wp\/v2\/media?parent=35"}],"curies":[{"name":"wp","href":"https:\/\/api.w.org\/{rel}","templated":true}]}}