{"id":650,"date":"2023-11-24T11:09:02","date_gmt":"2023-11-24T10:09:02","guid":{"rendered":"https:\/\/flexmix.nl\/?page_id=650"},"modified":"2023-11-30T14:05:21","modified_gmt":"2023-11-30T13:05:21","slug":"datenschutzerklaerung","status":"publish","type":"page","link":"https:\/\/flexmix.nl\/de\/datenschutzerklaerung\/","title":{"rendered":"Datenschutzerkl\u00e4rung"},"content":{"rendered":"<div class=\"wpb-content-wrapper\"><p>[vc_row][vc_column]\r\n        <div class=\"sd-block-title \">\r\n            <h1 class=\"sd-block-title-htag  marginbottom-30px align-left color-black\r\n            \">Datenschutzerkl\u00e4rung<\/h1>\r\n        <\/div>\r\n        <div class=\"sd-block-text  marginbottom-30px\r\n        \">\r\n            <p>Sobald Sie unsere Website <a href=\"http:\/\/www.flexmix.nl\/de\">www.flexmix.nl<\/a> besuchen oder uns kontaktieren, erhalten wir Informationen \u00fcber Sie. In dieser Datenschutzerkl\u00e4rung erkl\u00e4ren wir, was wir mit diesen Informationen machen. Wir gehen stets sorgf\u00e4ltig mit Ihren Daten um und speichern sie sicher. Wenn Sie Fragen haben oder wissen m\u00f6chten, welche Informationen wir \u00fcber Sie haben, kontaktieren Sie uns bitte. Wir k\u00f6nnen diese Datenschutzerkl\u00e4rung anpassen, wenn wir dies f\u00fcr erforderlich halten. Wir empfehlen Ihnen daher, diese Datenschutzerkl\u00e4rung regelm\u00e4\u00dfig durchzusehen, damit Sie \u00fcber diese \u00c4nderungen informiert sind. Diese Datenschutzerkl\u00e4rung wurde zuletzt am 23. November 2023 ge\u00e4ndert.<\/p>\n\r\n        <\/div>\r\n        <div class=\"sd-block-title \">\r\n            <h2 class=\"sd-block-title-htag  marginbottom-30px align-left color-black\r\n            \">Wann wenden Sie diese Datenschutzerkl\u00e4rung an?<\/h2>\r\n        <\/div>\r\n        <div class=\"sd-block-text  marginbottom-30px\r\n        \">\r\n            <p>Diese Datenschutzerkl\u00e4rung gilt f\u00fcr alle personenbezogenen Daten, die wir in allen mit uns verbundenen Bereichen verarbeiten. Hierbei handelt es sich um personenbezogene Daten aller Personen, die jemals mit uns Kontakt hatten oder unsere Website besucht haben, beispielsweise Besucher, Kunden und Gesch\u00e4ftskontakte. Personenbezogene Daten sind alle Daten, die auf Ihre Person zur\u00fcckgef\u00fchrt werden k\u00f6nnen, beispielsweise Ihr Name, Ihre Telefonnummer, Ihre IP-Adresse, Ihre Kundennummer oder Ihr Surfverhalten. Wenn Sie mehr \u00fcber personenbezogene Daten erfahren m\u00f6chten, besuchen Sie die Website der niederl\u00e4ndischen Datenschutzbeh\u00f6rde.<\/p>\n\r\n        <\/div>\r\n        <div class=\"sd-block-title \">\r\n            <h2 class=\"sd-block-title-htag  marginbottom-30px align-left color-black\r\n            \">Wer nutzt meine Daten?<\/h2>\r\n        <\/div>\r\n        <div class=\"sd-block-text  marginbottom-30px\r\n        \">\r\n            <p>FlexMix BV ist f\u00fcr die Website <a href=\"http:\/\/www.flexmix.nl\/de\">www.flexmix.nl<\/a> verantwortlich und daher die verantwortliche Organisation f\u00fcr die Verwendung Ihrer personenbezogenen Daten, wie in dieser Datenschutzerkl\u00e4rung beschrieben.<\/p>\n<p><strong>Die Daten sind:<\/strong><\/p>\n<p>FlexMix BV<br \/>\nVuurvliegweide 15<br \/>\n3437 VT Nieuwegein<br \/>\nDie Niederlande<br \/>\nHandelskammernummer 55249205<\/p>\n\r\n        <\/div>\r\n        <div class=\"sd-block-title \">\r\n            <h2 class=\"sd-block-title-htag  marginbottom-30px align-left color-black\r\n            \">Wessen Daten verwenden wir?<\/h2>\r\n        <\/div>\r\n        <div class=\"sd-block-text  marginbottom-30px\r\n        \">\r\n            <p>Wir verarbeiten die personenbezogenen Daten aller Personen, die mit uns Kontakt aufgenommen oder unsere Website besucht haben. Hierzu z\u00e4hlen Besucher, Privatkunden, Gesch\u00e4ftskunden und Ansprechpartner unserer Partner.<\/p>\n\r\n        <\/div>\r\n        <div class=\"sd-block-title \">\r\n            <h2 class=\"sd-block-title-htag  marginbottom-30px align-left color-black\r\n            \">Wie erhalten wir Ihre Daten?<\/h2>\r\n        <\/div>\r\n        <div class=\"sd-block-text  marginbottom-30px\r\n        \">\r\n            <p>Wir erhalten die Daten direkt von Ihnen, sobald Sie:<\/p>\n<ul>\n<li>Wenn Sie sich registrieren und ein Konto erstellen.<\/li>\n<li>Informationen, die Sie auf unserer Website eingeben<\/li>\n<\/ul>\n\r\n        <\/div>\r\n        <div class=\"sd-block-title \">\r\n            <h2 class=\"sd-block-title-htag  marginbottom-30px align-left color-black\r\n            \">Welche Informationen verwenden wir von Ihnen?<\/h2>\r\n        <\/div>\r\n        <div class=\"sd-block-text  marginbottom-30px\r\n        \">\r\n            <p>Wir nutzen folgende Daten:<\/p>\n<ul>\n<li>Name<\/li>\n<li>Sex<\/li>\n<li>Privatadresse oder Gesch\u00e4ftsadresse<\/li>\n<li>E-Mail-Adresse<\/li>\n<li>Telefonnummer<\/li>\n<li>Geburtsdatum<\/li>\n<li>Bildungsstand<\/li>\n<li>Beruf<\/li>\n<\/ul>\n\r\n        <\/div>\r\n        <div class=\"sd-block-title \">\r\n            <h2 class=\"sd-block-title-htag  marginbottom-30px align-left color-black\r\n            \">Wo verwenden wir Ihre Daten?<\/h2>\r\n        <\/div>\r\n        <div class=\"sd-block-text  marginbottom-30px\r\n        \">\r\n            <p>Wir verwenden Ihre personenbezogenen Daten nur f\u00fcr den Zweck, f\u00fcr den wir sie verwenden d\u00fcrfen:<\/p>\n<ul>\n<li>Wir haben Ihre Einwilligung zur Nutzung Ihrer personenbezogenen Daten erhalten.<\/li>\n<li>Wir m\u00fcssen unserer gesetzlichen Pflicht nachkommen<\/li>\n<\/ul>\n\r\n        <\/div>\r\n        <div class=\"sd-block-title \">\r\n            <h2 class=\"sd-block-title-htag  marginbottom-30px align-left color-black\r\n            \">Wie lange bewahren wir Ihre Daten auf?<\/h2>\r\n        <\/div>\r\n        <div class=\"sd-block-text  marginbottom-30px\r\n        \">\r\n            <p>Wir bewahren Ihre personenbezogenen Daten so lange auf, wie wir gesetzlich dazu verpflichtet sind und so lange, wie es f\u00fcr den Zweck, f\u00fcr den wir Ihre Daten verwenden, erforderlich ist. Wenn Sie beispielsweise Kunde oder Mitarbeiter bei uns sind, speichern wir Ihre Daten gem\u00e4\u00df der gesetzlichen Aufbewahrungsfrist von sieben Jahren. Wir speichern Ihre Daten dann lediglich zu statistischen Zwecken und zur Bearbeitung etwaiger Beschwerden oder Rechtsangelegenheiten. Wenn Sie mehr dar\u00fcber erfahren m\u00f6chten, wie lange wir bestimmte Daten \u00fcber Sie speichern, kontaktieren Sie uns bitte.<\/p>\n\r\n        <\/div>\r\n        <div class=\"sd-block-title \">\r\n            <h2 class=\"sd-block-title-htag  marginbottom-30px align-left color-black\r\n            \">An wen geben wir Ihre Daten weiter?<\/h2>\r\n        <\/div>\r\n        <div class=\"sd-block-text  marginbottom-30px\r\n        \">\r\n            <p>Wir k\u00f6nnen Ihre personenbezogenen Daten an andere weitergeben. Wir tun dies nur, wenn:<\/p>\n<ul>\n<li>Wir haben Ihre Einwilligung zur Nutzung Ihrer personenbezogenen Daten erhalten.<\/li>\n<li>Wir m\u00fcssen das tun, um unserer rechtlichen Aufgabe nachzukommen.<\/li>\n<\/ul>\n\r\n        <\/div>\r\n        <div class=\"sd-block-title \">\r\n            <h2 class=\"sd-block-title-htag  marginbottom-30px align-left color-black\r\n            \">Wo speichern wir Ihre Daten?<\/h2>\r\n        <\/div>\r\n        <div class=\"sd-block-text  marginbottom-30px\r\n        \">\r\n            <p>Wir verarbeiten Ihre Daten innerhalb des Europ\u00e4ischen Wirtschaftsraums (EWR). Dies bedeutet, dass wir Daten auch innerhalb des EWR speichern. In einigen F\u00e4llen werden Ihre personenbezogenen Daten au\u00dferhalb des EWR verarbeitet. Leider bieten die Vorschriften in diesen L\u00e4ndern nicht immer den gleichen Schutz personenbezogener Daten wie in den Niederlanden. Deshalb haben wir daf\u00fcr gesorgt, dass Ihre pers\u00f6nlichen Daten in diesem Fall genauso gut gesch\u00fctzt sind wie hier. Wir haben dies erreicht, indem wir Vereinbarungen mit denjenigen getroffen haben, die Ihre Daten au\u00dferhalb des EWR verarbeiten. So bleiben Ihre Daten sicher. Wenn Sie hierzu Fragen haben, k\u00f6nnen Sie sich gerne an uns wenden.<\/p>\n\r\n        <\/div>\r\n        <div class=\"sd-block-title \">\r\n            <h2 class=\"sd-block-title-htag  marginbottom-30px align-left color-black\r\n            \">Wie sicher sind Ihre Daten bei uns?<\/h2>\r\n        <\/div>\r\n        <div class=\"sd-block-text  marginbottom-30px\r\n        \">\r\n            <p>Wir haben viel daf\u00fcr getan, dass Ihre Daten sowohl organisatorisch als auch technisch so sicher wie m\u00f6glich sind. Wir haben unsere Systeme und verschiedene Kommunikationsmittel gesichert, um sicherzustellen, dass Ihre Daten nicht in die H\u00e4nde anderer gelangen. Deshalb sind Ihre Daten bei uns sicher. Wir stellen au\u00dferdem sicher, dass Ihre Daten nur von Personen verwendet werden, die von uns die Erlaubnis dazu erhalten haben. Wenn Sie Fragen zur konkreten Sicherheitsmethode haben, kontaktieren Sie uns bitte. Wenn wir Ihre Daten an andere weitergeben, sind diese ebenfalls verpflichtet, diese mit der gleichen Sorgfalt zu behandeln wie wir. Sollten Sie feststellen, dass dies nicht der Fall ist, teilen Sie uns dies bitte mit.<\/p>\n\r\n        <\/div>\r\n        <div class=\"sd-block-title \">\r\n            <h2 class=\"sd-block-title-htag  marginbottom-30px align-left color-black\r\n            \">Was k\u00f6nnen Sie von uns verlangen?<\/h2>\r\n        <\/div>\r\n        <div class=\"sd-block-text  marginbottom-30px\r\n        \">\r\n            <p>Da wir Ihre personenbezogenen Daten verwenden, stehen Ihnen verschiedene Rechte zu. Nachfolgend listen wir diese Rechte f\u00fcr Sie auf.<\/p>\n<p><strong>Recht auf Information<\/strong><br \/>\nWir m\u00fcssen Ihnen verst\u00e4ndlich und klar erkl\u00e4ren, was wir mit Ihren Daten machen und welche Kontrolle Sie dar\u00fcber haben. Deshalb erl\u00e4utern wir Ihnen in dieser Datenschutzerkl\u00e4rung ausf\u00fchrlich, welche Daten wir von Ihnen erheben und wie wir mit Ihren Daten umgehen.<\/p>\n<p><strong>Zugangsrecht<\/strong><br \/>\nSie k\u00f6nnen uns jederzeit bitten, die Informationen einzusehen, die wir \u00fcber Sie haben.<\/p>\n<p><strong>Recht auf Berichtigung<\/strong><br \/>\nSie k\u00f6nnen von uns die Berichtigung Ihrer Daten verlangen, wenn diese unrichtig oder unvollst\u00e4ndig sind.<\/p>\n<p><strong>Widerspruchsrecht<\/strong><br \/>\nSie k\u00f6nnen der Verarbeitung Ihrer Daten widersprechen, wenn Sie mit der Art und Weise, wie wir mit Ihren personenbezogenen Daten umgehen, nicht einverstanden sind. Dieses Recht gilt f\u00fcr die Daten, die wir f\u00fcr Direktmarketing verwenden. Sie k\u00f6nnen uns mitteilen, dass Sie keine E-Mails mehr von uns erhalten m\u00f6chten. Dies gilt auch f\u00fcr personalisierte Empfehlungen auf unserer Website.<\/p>\n<p><strong>Recht auf Daten\u00fcbertragbarkeit<\/strong><br \/>\nWenn Sie Kunde bei uns sind oder der Nutzung Ihrer Daten zugestimmt haben, k\u00f6nnen Sie uns bitten, Ihnen die digitalen Daten zuzusenden, die wir \u00fcber Sie haben. Auf diese Weise k\u00f6nnen Sie diese Daten bei Bedarf an eine andere Organisation \u00fcbertragen.<\/p>\n<p><strong>Recht auf Einschr\u00e4nkung<\/strong><br \/>\nSie k\u00f6nnen uns bitten, die Nutzung Ihrer Daten einzuschr\u00e4nken. Das bedeutet, dass wir Ihre Daten in bestimmten F\u00e4llen nur speichern, aber nicht nutzen.<\/p>\n<p><strong>Recht auf Vergessenwerden<\/strong><br \/>\nSie k\u00f6nnen uns bitten, alle Daten, die wir \u00fcber Sie haben, zu l\u00f6schen. Wir l\u00f6schen dann alle Daten, die auf Sie zur\u00fcckf\u00fchrbar sind. In manchen F\u00e4llen k\u00f6nnen oder d\u00fcrfen wir Ihre Daten noch nicht l\u00f6schen. Beispielsweise m\u00fcssen wir einige Daten f\u00fcr die Steuerbeh\u00f6rden sieben Jahre lang aufbewahren.<\/p>\n<p><strong>Recht, eine Beschwerde einzureichen<\/strong><br \/>\nSie k\u00f6nnen eine Beschwerde \u00fcber die Art und Weise einreichen, wie wir mit Ihren Daten umgehen. Wenn Sie eine Beschwerde haben, werden wir diese gerne f\u00fcr Sie l\u00f6sen. Bitte kontaktieren Sie uns hierf\u00fcr. Sie k\u00f6nnen Ihre Beschwerde auch bei der niederl\u00e4ndischen Datenschutzbeh\u00f6rde einreichen. Wir hoffen nat\u00fcrlich, dass es nicht dazu kommt, aber im Extremfall k\u00f6nnen Sie auch vor Gericht gehen. In diesem Fall ist das Gericht am Sitz von FlexMix BV f\u00fcr die Bearbeitung Ihrer Beschwerde zust\u00e4ndig.<\/p>\n<p><strong>Wie reiche ich eine Anfrage oder Beschwerde ein?<\/strong><br \/>\nSenden Sie Ihre Anfrage oder Beschwerde an <a href=\"mailto:info@flexmix.nl\">info@flexmix.nl<\/a>. Wir werden Ihre Anfrage oder Beschwerde innerhalb von 30 Tagen bearbeiten. Wenn mehrere Anfragen oder Beschwerden vorliegen oder Ihre Anfrage oder Beschwerde komplex ist, kann dies mehr Zeit in Anspruch nehmen. In diesem Fall erfragen wir Ihre Informationen, um sicherzustellen, dass Sie die richtige Person sind, der die personenbezogenen Daten geh\u00f6ren.<\/p>\n\r\n        <\/div>\r\n        <div class=\"sd-block-title \">\r\n            <h2 class=\"sd-block-title-htag  marginbottom-30px align-left color-black\r\n            \">Welche Regeln gelten f\u00fcr diese Datenschutzerkl\u00e4rung?<\/h2>\r\n        <\/div>\r\n        <div class=\"sd-block-text  marginbottom-30px\r\n        \">\r\n            <p>Unsere Datenschutzerkl\u00e4rung muss verschiedene Bedingungen erf\u00fcllen. Diese Voraussetzungen finden sich insbesondere in der Datenschutz-Grundverordnung. Dar\u00fcber hinaus gelten f\u00fcr unsere Datenschutzerkl\u00e4rung die allgemeinen Regeln des niederl\u00e4ndischen Rechts.<\/p>\n\r\n        <\/div>\r\n        <div class=\"sd-block-title \">\r\n            <h2 class=\"sd-block-title-htag  marginbottom-30px align-left color-black\r\n            \">Welche Cookies verwenden wir?<\/h2>\r\n        <\/div>\r\n        <div class=\"sd-block-text  marginbottom-30px\r\n        \">\r\n            <p>Sie k\u00f6nnen angeben, welche Informationen wir \u00fcber Sie verwenden d\u00fcrfen. Wenn Sie uns die Erlaubnis erteilt haben, Ihr Profil auf Grundlage Ihres Surf- und Suchverhaltens zu personalisieren, k\u00f6nnen wir unsere Website speziell f\u00fcr Sie gestalten, damit die Nutzung einfacher und pers\u00f6nlicher wird. Wir tun dies mithilfe von Cookies. Ein Cookie ist eine kleine Textdatei, die auf Ihrer Hardware abgelegt wird, wenn Sie unsere Website besuchen.<br \/>\nWir verwenden auf unserer Website die folgenden Arten von Cookies:<\/p>\n<ul>\n<li>Funktionale Cookies, wie z. B. Sitzungs- und Anmeldecookies zur Verfolgung von Sitzungs- und Anmeldeinformationen<\/li>\n<\/ul>\n\r\n        <\/div>\r\n        <div class=\"sd-block-title \">\r\n            <h2 class=\"sd-block-title-htag  marginbottom-30px align-left color-black\r\n            \">Was machen wir mit Daten von Minderj\u00e4hrigen?<\/h2>\r\n        <\/div>\r\n        <div class=\"sd-block-text  marginbottom-30px\r\n        \">\r\n            <p>Wir richten uns mit unserer Website oder als Organisation nicht gezielt an Minderj\u00e4hrige. Das bedeutet, dass Sie, wenn Sie unter 18 Jahre alt sind, zur Nutzung unserer Website die Erlaubnis eines Elternteils oder Erziehungsberechtigten ben\u00f6tigen. Wenn Sie zum Zeitpunkt des Besuchs unserer Website minderj\u00e4hrig sind, gehen wir davon aus, dass Sie diese Einwilligung vor Ihrem Besuch erhalten haben.<\/p>\n\r\n        <\/div>\r\n        <div class=\"sd-block-title \">\r\n            <h2 class=\"sd-block-title-htag  marginbottom-30px align-left color-black\r\n            \">Haben Sie eine Frage zu dieser Datenschutzerkl\u00e4rung?<\/h2>\r\n        <\/div>\r\n        <div class=\"sd-block-text  marginbottom-30px\r\n        \">\r\n            <p>Haben Sie eine Frage zu unserer Datenschutzerkl\u00e4rung? Bitte z\u00f6gern Sie nicht, uns zu kontaktieren, indem Sie eine E-Mail an <a href=\"mailto:info@flexmix.nl\">info@flexmix.nl<\/a> senden. Wir helfen Ihnen gerne weiter<\/p>\n\r\n        <\/div>[\/vc_column][\/vc_row]<\/p>\n<\/div>","protected":false},"excerpt":{"rendered":"<p>[vc_row][vc_column][\/vc_column][\/vc_row]<\/p>\n","protected":false},"author":1,"featured_media":0,"parent":0,"menu_order":0,"comment_status":"closed","ping_status":"closed","template":"","meta":{"_acf_changed":false,"footnotes":""},"class_list":["post-650","page","type-page","status-publish","hentry"],"acf":[],"yoast_head":"<!-- This site is optimized with the Yoast SEO plugin v26.8 - https:\/\/yoast.com\/product\/yoast-seo-wordpress\/ -->\n<title>Datenschutzerkl\u00e4rung | FlexMix<\/title>\n<meta name=\"robots\" content=\"index, follow, max-snippet:-1, max-image-preview:large, max-video-preview:-1\" \/>\n<link rel=\"canonical\" href=\"https:\/\/flexmix.nl\/de\/datenschutzerklaerung\/\" \/>\n<meta property=\"og:locale\" content=\"de_DE\" \/>\n<meta property=\"og:type\" content=\"article\" \/>\n<meta property=\"og:title\" content=\"Datenschutzerkl\u00e4rung | FlexMix\" \/>\n<meta property=\"og:description\" content=\"[vc_row][vc_column][\/vc_column][\/vc_row]\" \/>\n<meta property=\"og:url\" content=\"https:\/\/flexmix.nl\/de\/datenschutzerklaerung\/\" \/>\n<meta property=\"og:site_name\" content=\"FlexMix\" \/>\n<meta property=\"article:publisher\" content=\"https:\/\/www.facebook.com\/flexmixbv\/\" \/>\n<meta property=\"article:modified_time\" content=\"2023-11-30T13:05:21+00:00\" \/>\n<meta property=\"og:image\" content=\"https:\/\/flexmix.nl\/wp-content\/uploads\/2024\/01\/FlexMix-Google-For-Jobs.jpg\" \/>\n\t<meta property=\"og:image:width\" content=\"500\" \/>\n\t<meta property=\"og:image:height\" content=\"500\" \/>\n\t<meta property=\"og:image:type\" content=\"image\/jpeg\" \/>\n<meta name=\"twitter:card\" content=\"summary_large_image\" \/>\n<meta name=\"twitter:site\" content=\"@flexmixbv\" \/>\n<meta name=\"twitter:label1\" content=\"Gesch\u00e4tzte Lesezeit\" \/>\n\t<meta name=\"twitter:data1\" content=\"7\u00a0Minuten\" \/>\n<script type=\"application\/ld+json\" class=\"yoast-schema-graph\">{\"@context\":\"https:\/\/schema.org\",\"@graph\":[{\"@type\":\"WebPage\",\"@id\":\"https:\/\/flexmix.nl\/de\/datenschutzerklaerung\/\",\"url\":\"https:\/\/flexmix.nl\/de\/datenschutzerklaerung\/\",\"name\":\"Datenschutzerkl\u00e4rung | FlexMix\",\"isPartOf\":{\"@id\":\"https:\/\/flexmix.nl\/de\/#website\"},\"datePublished\":\"2023-11-24T10:09:02+00:00\",\"dateModified\":\"2023-11-30T13:05:21+00:00\",\"breadcrumb\":{\"@id\":\"https:\/\/flexmix.nl\/de\/datenschutzerklaerung\/#breadcrumb\"},\"inLanguage\":\"de\",\"potentialAction\":[{\"@type\":\"ReadAction\",\"target\":[\"https:\/\/flexmix.nl\/de\/datenschutzerklaerung\/\"]}]},{\"@type\":\"BreadcrumbList\",\"@id\":\"https:\/\/flexmix.nl\/de\/datenschutzerklaerung\/#breadcrumb\",\"itemListElement\":[{\"@type\":\"ListItem\",\"position\":1,\"name\":\"Home\",\"item\":\"https:\/\/flexmix.nl\/de\/\"},{\"@type\":\"ListItem\",\"position\":2,\"name\":\"Datenschutzerkl\u00e4rung\"}]},{\"@type\":\"WebSite\",\"@id\":\"https:\/\/flexmix.nl\/de\/#website\",\"url\":\"https:\/\/flexmix.nl\/de\/\",\"name\":\"FlexMix\",\"description\":\"De beste baan in de zorg, overal en altijd!\",\"publisher\":{\"@id\":\"https:\/\/flexmix.nl\/de\/#organization\"},\"inLanguage\":\"de\"},{\"@type\":\"Organization\",\"@id\":\"https:\/\/flexmix.nl\/de\/#organization\",\"name\":\"FlexMix\",\"alternateName\":\"FlexMix\",\"url\":\"https:\/\/flexmix.nl\/de\/\",\"logo\":{\"@type\":\"ImageObject\",\"inLanguage\":\"de\",\"@id\":\"https:\/\/flexmix.nl\/de\/#\/schema\/logo\/image\/\",\"url\":\"https:\/\/flexmix.nl\/wp-content\/uploads\/2024\/01\/FlexMixLogoYoastSEO.jpg\",\"contentUrl\":\"https:\/\/flexmix.nl\/wp-content\/uploads\/2024\/01\/FlexMixLogoYoastSEO.jpg\",\"width\":696,\"height\":696,\"caption\":\"FlexMix\"},\"image\":{\"@id\":\"https:\/\/flexmix.nl\/de\/#\/schema\/logo\/image\/\"},\"sameAs\":[\"https:\/\/www.facebook.com\/flexmixbv\/\",\"https:\/\/x.com\/flexmixbv\",\"https:\/\/www.instagram.com\/flexmix.nl\/\",\"https:\/\/www.linkedin.com\/company\/flexmix-bv?trk=top_nav_home\"]}]}<\/script>\n<!-- \/ Yoast SEO plugin. -->","yoast_head_json":{"title":"Datenschutzerkl\u00e4rung | FlexMix","robots":{"index":"index","follow":"follow","max-snippet":"max-snippet:-1","max-image-preview":"max-image-preview:large","max-video-preview":"max-video-preview:-1"},"canonical":"https:\/\/flexmix.nl\/de\/datenschutzerklaerung\/","og_locale":"de_DE","og_type":"article","og_title":"Datenschutzerkl\u00e4rung | FlexMix","og_description":"[vc_row][vc_column][\/vc_column][\/vc_row]","og_url":"https:\/\/flexmix.nl\/de\/datenschutzerklaerung\/","og_site_name":"FlexMix","article_publisher":"https:\/\/www.facebook.com\/flexmixbv\/","article_modified_time":"2023-11-30T13:05:21+00:00","og_image":[{"width":500,"height":500,"url":"https:\/\/flexmix.nl\/wp-content\/uploads\/2024\/01\/FlexMix-Google-For-Jobs.jpg","type":"image\/jpeg"}],"twitter_card":"summary_large_image","twitter_site":"@flexmixbv","twitter_misc":{"Gesch\u00e4tzte Lesezeit":"7\u00a0Minuten"},"schema":{"@context":"https:\/\/schema.org","@graph":[{"@type":"WebPage","@id":"https:\/\/flexmix.nl\/de\/datenschutzerklaerung\/","url":"https:\/\/flexmix.nl\/de\/datenschutzerklaerung\/","name":"Datenschutzerkl\u00e4rung | FlexMix","isPartOf":{"@id":"https:\/\/flexmix.nl\/de\/#website"},"datePublished":"2023-11-24T10:09:02+00:00","dateModified":"2023-11-30T13:05:21+00:00","breadcrumb":{"@id":"https:\/\/flexmix.nl\/de\/datenschutzerklaerung\/#breadcrumb"},"inLanguage":"de","potentialAction":[{"@type":"ReadAction","target":["https:\/\/flexmix.nl\/de\/datenschutzerklaerung\/"]}]},{"@type":"BreadcrumbList","@id":"https:\/\/flexmix.nl\/de\/datenschutzerklaerung\/#breadcrumb","itemListElement":[{"@type":"ListItem","position":1,"name":"Home","item":"https:\/\/flexmix.nl\/de\/"},{"@type":"ListItem","position":2,"name":"Datenschutzerkl\u00e4rung"}]},{"@type":"WebSite","@id":"https:\/\/flexmix.nl\/de\/#website","url":"https:\/\/flexmix.nl\/de\/","name":"FlexMix","description":"De beste baan in de zorg, overal en altijd!","publisher":{"@id":"https:\/\/flexmix.nl\/de\/#organization"},"inLanguage":"de"},{"@type":"Organization","@id":"https:\/\/flexmix.nl\/de\/#organization","name":"FlexMix","alternateName":"FlexMix","url":"https:\/\/flexmix.nl\/de\/","logo":{"@type":"ImageObject","inLanguage":"de","@id":"https:\/\/flexmix.nl\/de\/#\/schema\/logo\/image\/","url":"https:\/\/flexmix.nl\/wp-content\/uploads\/2024\/01\/FlexMixLogoYoastSEO.jpg","contentUrl":"https:\/\/flexmix.nl\/wp-content\/uploads\/2024\/01\/FlexMixLogoYoastSEO.jpg","width":696,"height":696,"caption":"FlexMix"},"image":{"@id":"https:\/\/flexmix.nl\/de\/#\/schema\/logo\/image\/"},"sameAs":["https:\/\/www.facebook.com\/flexmixbv\/","https:\/\/x.com\/flexmixbv","https:\/\/www.instagram.com\/flexmix.nl\/","https:\/\/www.linkedin.com\/company\/flexmix-bv?trk=top_nav_home"]}]}},"_links":{"self":[{"href":"https:\/\/flexmix.nl\/de\/wp-json\/wp\/v2\/pages\/650","targetHints":{"allow":["GET"]}}],"collection":[{"href":"https:\/\/flexmix.nl\/de\/wp-json\/wp\/v2\/pages"}],"about":[{"href":"https:\/\/flexmix.nl\/de\/wp-json\/wp\/v2\/types\/page"}],"author":[{"embeddable":true,"href":"https:\/\/flexmix.nl\/de\/wp-json\/wp\/v2\/users\/1"}],"replies":[{"embeddable":true,"href":"https:\/\/flexmix.nl\/de\/wp-json\/wp\/v2\/comments?post=650"}],"version-history":[{"count":7,"href":"https:\/\/flexmix.nl\/de\/wp-json\/wp\/v2\/pages\/650\/revisions"}],"predecessor-version":[{"id":664,"href":"https:\/\/flexmix.nl\/de\/wp-json\/wp\/v2\/pages\/650\/revisions\/664"}],"wp:attachment":[{"href":"https:\/\/flexmix.nl\/de\/wp-json\/wp\/v2\/media?parent=650"}],"curies":[{"name":"wp","href":"https:\/\/api.w.org\/{rel}","templated":true}]}}