{"id":665,"date":"2023-11-24T11:30:23","date_gmt":"2023-11-24T10:30:23","guid":{"rendered":"https:\/\/flexmix.nl\/?page_id=665"},"modified":"2023-11-30T14:24:31","modified_gmt":"2023-11-30T13:24:31","slug":"haftungsausschluss","status":"publish","type":"page","link":"https:\/\/flexmix.nl\/de\/haftungsausschluss\/","title":{"rendered":"Haftungsausschluss"},"content":{"rendered":"<div class=\"wpb-content-wrapper\"><p>[vc_row][vc_column]\r\n        <div class=\"sd-block-title \">\r\n            <h1 class=\"sd-block-title-htag  marginbottom-30px align-left color-black\r\n            \">Haftungsausschluss<\/h1>\r\n        <\/div>\r\n        <div class=\"sd-block-text  marginbottom-30px\r\n        \">\r\n            <p style=\"text-align: left;\">Der Zugang und die Nutzung der beigef\u00fcgten Website unterliegen ausdr\u00fccklich diesen Allgemeinen Gesch\u00e4ftsbedingungen. Durch die Nutzung der Website verpflichtet sich der Nutzer zur Einhaltung s\u00e4mtlicher Gesch\u00e4ftsbedingungen.<\/p>\n\r\n        <\/div>\r\n        <div class=\"sd-block-title \">\r\n            <h2 class=\"sd-block-title-htag  marginbottom-30px align-left\r\n            \">Ziel<\/h2>\r\n        <\/div>\r\n        <div class=\"sd-block-text  marginbottom-30px\r\n        \">\r\n            <p>Alle Informationen auf der Website dienen der Information, es wird jedoch keine Garantie f\u00fcr deren Richtigkeit \u00fcbernommen. Trotz unserer Bem\u00fchungen k\u00f6nnen wir nicht garantieren, dass der Inhalt und die Art der Informationen auf der Website korrekt sind.<\/p>\n\r\n        <\/div>\r\n        <div class=\"sd-block-title \">\r\n            <h2 class=\"sd-block-title-htag  marginbottom-30px align-left\r\n            \">Haftung<\/h2>\r\n        <\/div>\r\n        <div class=\"sd-block-text  marginbottom-30px\r\n        \">\r\n            <p>FlexMix haftet nicht f\u00fcr direkte oder indirekte Sch\u00e4den, die dem Besucher oder Benutzer der Website oder Dritten durch die Nutzung von Informationen, Materialien oder Dienstleistungen auf der Website oder mit ihr verlinkten Websites entstehen.<\/p>\n\r\n        <\/div>\r\n        <div class=\"sd-block-title \">\r\n            <h2 class=\"sd-block-title-htag  marginbottom-30px align-left\r\n            \">Rechte am geistigen Eigentum<\/h2>\r\n        <\/div>\r\n        <div class=\"sd-block-text  marginbottom-30px\r\n        \">\r\n            <p>Diese Website wird von FlexMix betrieben. Alle geistigen Eigentumsrechte im Zusammenhang mit dem Inhalt und dem Design der Website, einschlie\u00dflich, aber nicht beschr\u00e4nkt auf Texte, Bilder, Logos und Sounds, sind Eigentum von FlexMix oder seinen Lizenzgebern. Ohne vorherige Genehmigung von FlexMix darf der Inhalt der Website nicht nachgedruckt, ge\u00e4ndert oder in irgendeiner Weise ver\u00f6ffentlicht oder in einer autorisierten Datenbank gespeichert werden.<\/p>\n\r\n        <\/div>\r\n        <div class=\"sd-block-title \">\r\n            <h2 class=\"sd-block-title-htag  marginbottom-30px align-left\r\n            \">Datenschutz<\/h2>\r\n        <\/div>\r\n        <div class=\"sd-block-text  marginbottom-30px\r\n        \">\r\n            <p>Alle vom Benutzer an FlexMix \u00fcbermittelten Informationen gelten als vertrauliche Informationen und werden, sofern nicht ausdr\u00fccklich anders angegeben, von FlexMix nicht an Dritte weitergegeben, es sei denn, dies ist zur Einhaltung gesetzlicher Anforderungen oder der Justiz erforderlich.<\/p>\n\r\n        <\/div>\r\n        <div class=\"sd-block-title \">\r\n            <h2 class=\"sd-block-title-htag  marginbottom-30px align-left\r\n            \">Anwendbares Recht<\/h2>\r\n        <\/div>\r\n        <div class=\"sd-block-text  marginbottom-30px\r\n        \">\r\n            <p>F\u00fcr diese Allgemeinen Gesch\u00e4ftsbedingungen sowie f\u00fcr Streitigkeiten oder Beschwerden, die sich aus oder im Zusammenhang mit den Allgemeinen Gesch\u00e4ftsbedingungen ergeben, gilt niederl\u00e4ndisches Recht. Streitigkeiten und Anspr\u00fcche wie diese werden ausschlie\u00dflich vom Gericht in Utrecht, Niederlande, entschieden.<\/p>\n\r\n        <\/div>\r\n        <div class=\"sd-block-title \">\r\n            <h2 class=\"sd-block-title-htag  marginbottom-30px align-left\r\n            \">Datenschutz \u2013 Cookies<\/h2>\r\n        <\/div>\r\n        <div class=\"sd-block-text  marginbottom-30px\r\n        \">\r\n            <p>FlexMix kann auf seiner Website Cookies verwenden. Ein Cookie ist eine kleine Datendatei, die \u00fcber Ihren Browser an Ihren Computer gesendet wird. Diese Cookies erm\u00f6glichen es FlexMix, anonyme Informationen \u00fcber Ihre Besuche auf der FlexMix-Website zu erhalten. Attachment nutzt diese Informationen haupts\u00e4chlich, um die Website bestm\u00f6glich auf die W\u00fcnsche des Besuchers abzustimmen. FlexMix verwendet keine Cookies, um Informationen von Ihrem Computer abzurufen, die nicht in einem Cookie gesendet werden. Cookies k\u00f6nnen auch dazu dienen, unsere Website effizienter und benutzerfreundlicher zu gestalten. Die meisten Browser sind so eingestellt, dass sie Cookies automatisch akzeptieren. Wenn Sie keine Cookies erhalten m\u00f6chten, k\u00f6nnen Sie dies einfach in Ihren Browseroptionen einstellen.<\/p>\n\r\n        <\/div>\r\n        <div class=\"sd-block-title \">\r\n            <h2 class=\"sd-block-title-htag  marginbottom-30px align-left\r\n            \">\u00c4nderungen dieser Allgemeinen Gesch\u00e4ftsbedingungen<\/h2>\r\n        <\/div>\r\n        <div class=\"sd-block-text  marginbottom-30px\r\n        \">\r\n            <p>FlexMix beh\u00e4lt sich das Recht vor, die Gesch\u00e4ftsbedingungen, unter denen die Website angeboten wird, ohne vorherige Ank\u00fcndigung zu \u00e4ndern. Diese \u00c4nderungen werden sofort nach der Ver\u00f6ffentlichung auf der Website wirksam.<\/p>\n\r\n        <\/div>[\/vc_column][\/vc_row]<\/p>\n<\/div>","protected":false},"excerpt":{"rendered":"<p>[vc_row][vc_column][\/vc_column][\/vc_row]<\/p>\n","protected":false},"author":2,"featured_media":0,"parent":0,"menu_order":0,"comment_status":"closed","ping_status":"closed","template":"","meta":{"_acf_changed":false,"footnotes":""},"class_list":["post-665","page","type-page","status-publish","hentry"],"acf":[],"yoast_head":"<!-- This site is optimized with the Yoast SEO plugin v26.8 - https:\/\/yoast.com\/product\/yoast-seo-wordpress\/ -->\n<title>Haftungsausschluss | FlexMix<\/title>\n<meta name=\"robots\" content=\"index, follow, max-snippet:-1, max-image-preview:large, max-video-preview:-1\" \/>\n<link rel=\"canonical\" href=\"https:\/\/flexmix.nl\/de\/haftungsausschluss\/\" \/>\n<meta property=\"og:locale\" content=\"de_DE\" \/>\n<meta property=\"og:type\" content=\"article\" \/>\n<meta property=\"og:title\" content=\"Haftungsausschluss | FlexMix\" \/>\n<meta property=\"og:description\" content=\"[vc_row][vc_column][\/vc_column][\/vc_row]\" \/>\n<meta property=\"og:url\" content=\"https:\/\/flexmix.nl\/de\/haftungsausschluss\/\" \/>\n<meta property=\"og:site_name\" content=\"FlexMix\" \/>\n<meta property=\"article:publisher\" content=\"https:\/\/www.facebook.com\/flexmixbv\/\" \/>\n<meta property=\"article:modified_time\" content=\"2023-11-30T13:24:31+00:00\" \/>\n<meta property=\"og:image\" content=\"https:\/\/flexmix.nl\/wp-content\/uploads\/2024\/01\/FlexMix-Google-For-Jobs.jpg\" \/>\n\t<meta property=\"og:image:width\" content=\"500\" \/>\n\t<meta property=\"og:image:height\" content=\"500\" \/>\n\t<meta property=\"og:image:type\" content=\"image\/jpeg\" \/>\n<meta name=\"twitter:card\" content=\"summary_large_image\" \/>\n<meta name=\"twitter:site\" content=\"@flexmixbv\" \/>\n<meta name=\"twitter:label1\" content=\"Gesch\u00e4tzte Lesezeit\" \/>\n\t<meta name=\"twitter:data1\" content=\"2\u00a0Minuten\" \/>\n<script type=\"application\/ld+json\" class=\"yoast-schema-graph\">{\"@context\":\"https:\/\/schema.org\",\"@graph\":[{\"@type\":\"WebPage\",\"@id\":\"https:\/\/flexmix.nl\/de\/haftungsausschluss\/\",\"url\":\"https:\/\/flexmix.nl\/de\/haftungsausschluss\/\",\"name\":\"Haftungsausschluss | FlexMix\",\"isPartOf\":{\"@id\":\"https:\/\/flexmix.nl\/de\/#website\"},\"datePublished\":\"2023-11-24T10:30:23+00:00\",\"dateModified\":\"2023-11-30T13:24:31+00:00\",\"breadcrumb\":{\"@id\":\"https:\/\/flexmix.nl\/de\/haftungsausschluss\/#breadcrumb\"},\"inLanguage\":\"de\",\"potentialAction\":[{\"@type\":\"ReadAction\",\"target\":[\"https:\/\/flexmix.nl\/de\/haftungsausschluss\/\"]}]},{\"@type\":\"BreadcrumbList\",\"@id\":\"https:\/\/flexmix.nl\/de\/haftungsausschluss\/#breadcrumb\",\"itemListElement\":[{\"@type\":\"ListItem\",\"position\":1,\"name\":\"Home\",\"item\":\"https:\/\/flexmix.nl\/de\/\"},{\"@type\":\"ListItem\",\"position\":2,\"name\":\"Haftungsausschluss\"}]},{\"@type\":\"WebSite\",\"@id\":\"https:\/\/flexmix.nl\/de\/#website\",\"url\":\"https:\/\/flexmix.nl\/de\/\",\"name\":\"FlexMix\",\"description\":\"De beste baan in de zorg, overal en altijd!\",\"publisher\":{\"@id\":\"https:\/\/flexmix.nl\/de\/#organization\"},\"inLanguage\":\"de\"},{\"@type\":\"Organization\",\"@id\":\"https:\/\/flexmix.nl\/de\/#organization\",\"name\":\"FlexMix\",\"alternateName\":\"FlexMix\",\"url\":\"https:\/\/flexmix.nl\/de\/\",\"logo\":{\"@type\":\"ImageObject\",\"inLanguage\":\"de\",\"@id\":\"https:\/\/flexmix.nl\/de\/#\/schema\/logo\/image\/\",\"url\":\"https:\/\/flexmix.nl\/wp-content\/uploads\/2024\/01\/FlexMixLogoYoastSEO.jpg\",\"contentUrl\":\"https:\/\/flexmix.nl\/wp-content\/uploads\/2024\/01\/FlexMixLogoYoastSEO.jpg\",\"width\":696,\"height\":696,\"caption\":\"FlexMix\"},\"image\":{\"@id\":\"https:\/\/flexmix.nl\/de\/#\/schema\/logo\/image\/\"},\"sameAs\":[\"https:\/\/www.facebook.com\/flexmixbv\/\",\"https:\/\/x.com\/flexmixbv\",\"https:\/\/www.instagram.com\/flexmix.nl\/\",\"https:\/\/www.linkedin.com\/company\/flexmix-bv?trk=top_nav_home\"]}]}<\/script>\n<!-- \/ Yoast SEO plugin. -->","yoast_head_json":{"title":"Haftungsausschluss | FlexMix","robots":{"index":"index","follow":"follow","max-snippet":"max-snippet:-1","max-image-preview":"max-image-preview:large","max-video-preview":"max-video-preview:-1"},"canonical":"https:\/\/flexmix.nl\/de\/haftungsausschluss\/","og_locale":"de_DE","og_type":"article","og_title":"Haftungsausschluss | FlexMix","og_description":"[vc_row][vc_column][\/vc_column][\/vc_row]","og_url":"https:\/\/flexmix.nl\/de\/haftungsausschluss\/","og_site_name":"FlexMix","article_publisher":"https:\/\/www.facebook.com\/flexmixbv\/","article_modified_time":"2023-11-30T13:24:31+00:00","og_image":[{"width":500,"height":500,"url":"https:\/\/flexmix.nl\/wp-content\/uploads\/2024\/01\/FlexMix-Google-For-Jobs.jpg","type":"image\/jpeg"}],"twitter_card":"summary_large_image","twitter_site":"@flexmixbv","twitter_misc":{"Gesch\u00e4tzte Lesezeit":"2\u00a0Minuten"},"schema":{"@context":"https:\/\/schema.org","@graph":[{"@type":"WebPage","@id":"https:\/\/flexmix.nl\/de\/haftungsausschluss\/","url":"https:\/\/flexmix.nl\/de\/haftungsausschluss\/","name":"Haftungsausschluss | FlexMix","isPartOf":{"@id":"https:\/\/flexmix.nl\/de\/#website"},"datePublished":"2023-11-24T10:30:23+00:00","dateModified":"2023-11-30T13:24:31+00:00","breadcrumb":{"@id":"https:\/\/flexmix.nl\/de\/haftungsausschluss\/#breadcrumb"},"inLanguage":"de","potentialAction":[{"@type":"ReadAction","target":["https:\/\/flexmix.nl\/de\/haftungsausschluss\/"]}]},{"@type":"BreadcrumbList","@id":"https:\/\/flexmix.nl\/de\/haftungsausschluss\/#breadcrumb","itemListElement":[{"@type":"ListItem","position":1,"name":"Home","item":"https:\/\/flexmix.nl\/de\/"},{"@type":"ListItem","position":2,"name":"Haftungsausschluss"}]},{"@type":"WebSite","@id":"https:\/\/flexmix.nl\/de\/#website","url":"https:\/\/flexmix.nl\/de\/","name":"FlexMix","description":"De beste baan in de zorg, overal en altijd!","publisher":{"@id":"https:\/\/flexmix.nl\/de\/#organization"},"inLanguage":"de"},{"@type":"Organization","@id":"https:\/\/flexmix.nl\/de\/#organization","name":"FlexMix","alternateName":"FlexMix","url":"https:\/\/flexmix.nl\/de\/","logo":{"@type":"ImageObject","inLanguage":"de","@id":"https:\/\/flexmix.nl\/de\/#\/schema\/logo\/image\/","url":"https:\/\/flexmix.nl\/wp-content\/uploads\/2024\/01\/FlexMixLogoYoastSEO.jpg","contentUrl":"https:\/\/flexmix.nl\/wp-content\/uploads\/2024\/01\/FlexMixLogoYoastSEO.jpg","width":696,"height":696,"caption":"FlexMix"},"image":{"@id":"https:\/\/flexmix.nl\/de\/#\/schema\/logo\/image\/"},"sameAs":["https:\/\/www.facebook.com\/flexmixbv\/","https:\/\/x.com\/flexmixbv","https:\/\/www.instagram.com\/flexmix.nl\/","https:\/\/www.linkedin.com\/company\/flexmix-bv?trk=top_nav_home"]}]}},"_links":{"self":[{"href":"https:\/\/flexmix.nl\/de\/wp-json\/wp\/v2\/pages\/665","targetHints":{"allow":["GET"]}}],"collection":[{"href":"https:\/\/flexmix.nl\/de\/wp-json\/wp\/v2\/pages"}],"about":[{"href":"https:\/\/flexmix.nl\/de\/wp-json\/wp\/v2\/types\/page"}],"author":[{"embeddable":true,"href":"https:\/\/flexmix.nl\/de\/wp-json\/wp\/v2\/users\/2"}],"replies":[{"embeddable":true,"href":"https:\/\/flexmix.nl\/de\/wp-json\/wp\/v2\/comments?post=665"}],"version-history":[{"count":5,"href":"https:\/\/flexmix.nl\/de\/wp-json\/wp\/v2\/pages\/665\/revisions"}],"predecessor-version":[{"id":669,"href":"https:\/\/flexmix.nl\/de\/wp-json\/wp\/v2\/pages\/665\/revisions\/669"}],"wp:attachment":[{"href":"https:\/\/flexmix.nl\/de\/wp-json\/wp\/v2\/media?parent=665"}],"curies":[{"name":"wp","href":"https:\/\/api.w.org\/{rel}","templated":true}]}}